{"id":896,"date":"2019-10-01T12:55:55","date_gmt":"2019-10-01T11:55:55","guid":{"rendered":"http:\/\/koki.in.rs\/blog\/?page_id=896"},"modified":"2024-03-04T10:17:06","modified_gmt":"2024-03-04T09:17:06","slug":"dan-kada-je-umro-sid","status":"publish","type":"page","link":"https:\/\/koki.in.rs\/blog\/dan-kada-je-umro-sid\/","title":{"rendered":"Dan kada je umro Sid"},"content":{"rendered":"<p><img loading=\"lazy\" class=\"alignnone size-medium wp-image-913 aligncenter\" src=\"https:\/\/koki.in.rs\/blog\/wp-content\/uploads\/2019\/10\/Korice-Dan-kada-je-umro-Sid-preview-copy-198x300.jpg\" alt=\"\" width=\"198\" height=\"300\" srcset=\"https:\/\/koki.in.rs\/blog\/wp-content\/uploads\/2019\/10\/Korice-Dan-kada-je-umro-Sid-preview-copy-198x300.jpg 198w, https:\/\/koki.in.rs\/blog\/wp-content\/uploads\/2019\/10\/Korice-Dan-kada-je-umro-Sid-preview-copy.jpg 374w\" sizes=\"(max-width: 198px) 100vw, 198px\" \/><\/p>\n<p><!--StartFragment--><\/p>\n\n\n<p>Marija, Jovana, Oskar i Kole su glavni likovi romana, zarobl\u0458enici bizarnog l\u0458ubavnog \u010detvorougla. <\/p>\n\n\n\n<p>Oni su samo karikature, bledi odsjaj velikih, stvarnih i izmi\u0161l\u0458enih pri\u010da. Sudbine su im groteskne, komi\u010dne i surovo tragi\u010dne. Te\u017ee da budu originalni po svaku cenu i naj\u010de\u0161\u0107e na svoju \u0161tetu. Mogu\u0107nosti su im ograni\u010dene a ideje besmislene, pa uprkos \u017eelji da \u017eive kao njihovi idoli, oni su samo marginalci, nesvesni da su im sudbine unapred&nbsp; determinisane. I dok kao marionete na povr\u0161an na\u010din govore o velikim i uzvi\u0161enim stvarima, svako od njih tumara u svom svetu, svojevrsnom galimatijasu hispanoameri\u010dkih romana, rok muzike i umetnosti. Njihovi poku\u0161aji da odrastu i dostignu zrelost \u010dini beskrajni niz pogre\u0161nih, \u010dak devijantnih postupaka, \u010dime daleko vi\u0161e podse\u0107aju na neke junake filmova Eda Vuda, nego na antiheroje koje potajno opona\u0161aju. <\/p>\n\n\n\n<p>Pri\u010da\nje sme\u0161tena u prvu polovinu osamdesetih godina pro\u0161log veka, ali eho tog vremena\nodjekuje i danas. <\/p>\n\n\n\n<p><em>Dan kada je umro Sid<\/em>&nbsp;je&nbsp;vi\u0161eslojni roman koji \u0107e sve koji smognu snage da ga pro\u010ditaju do kraja nasmejati i (ili) uznemiriti. Ravnodu\u0161ni sasvim sigurno ne\u0107e ostati. <\/p>\n\n\n\n<p><em>A&nbsp;ko&nbsp;je&nbsp;taj&nbsp;Sid<\/em>?<\/p>\n\n\n\n<p><a href=\"https:\/\/koki.in.rs\/blog\/wp-content\/uploads\/2019\/10\/bizarna-ljubavna-pesma.mpg\">BIZARNA LJUBAVNA PESMA&nbsp;<\/a><\/p>\n\n\n\n<p>Klikom na link iznad mo\u017eete preuzeti pesmu.<\/p>\n\n\n\n<p><\/p>\n\n\n<p><!--EndFragment--><\/p>\n<p><iframe loading=\"lazy\" title=\"BIZARNA LJUBAVNA PESMA-Zoran Aleksi\u0107 Koki\" width=\"474\" height=\"356\" src=\"https:\/\/www.youtube.com\/embed\/hqKw7JfuoT0?feature=oembed\" frameborder=\"0\" allow=\"accelerometer; autoplay; clipboard-write; encrypted-media; gyroscope; picture-in-picture\" allowfullscreen><\/iframe><\/p>\n<p><\/p>\n\n\n<p><\/p>\n\n\n\n<p><\/p>\n\n\n\n<figure class=\"wp-block-embed is-type-video is-provider-youtube wp-block-embed-youtube wp-embed-aspect-16-9 wp-has-aspect-ratio\"><div class=\"wp-block-embed__wrapper\">\n<iframe loading=\"lazy\" title=\"OVAPLO\u0106ENJE PISAMA - Zoran Aleksi\u0107 Koki\" width=\"474\" height=\"267\" src=\"https:\/\/www.youtube.com\/embed\/ItJhBSC34bc?feature=oembed\" frameborder=\"0\" allow=\"accelerometer; autoplay; clipboard-write; encrypted-media; gyroscope; picture-in-picture\" allowfullscreen><\/iframe>\n<\/div><figcaption>Muzika i video za promociju romana<\/figcaption><\/figure>\n\n\n\n<p><\/p>\n\n\n\n<div class=\"wp-block-image\"><figure class=\"aligncenter is-resized\"><img loading=\"lazy\" src=\"https:\/\/koki.in.rs\/blog\/wp-content\/uploads\/2021\/09\/plakat-zapromocijufoto-724x1024.jpg\" alt=\"\" class=\"wp-image-1212\" width=\"411\" height=\"580\" srcset=\"https:\/\/koki.in.rs\/blog\/wp-content\/uploads\/2021\/09\/plakat-zapromocijufoto-724x1024.jpg 724w, https:\/\/koki.in.rs\/blog\/wp-content\/uploads\/2021\/09\/plakat-zapromocijufoto-212x300.jpg 212w, https:\/\/koki.in.rs\/blog\/wp-content\/uploads\/2021\/09\/plakat-zapromocijufoto-768x1086.jpg 768w, https:\/\/koki.in.rs\/blog\/wp-content\/uploads\/2021\/09\/plakat-zapromocijufoto-1086x1536.jpg 1086w, https:\/\/koki.in.rs\/blog\/wp-content\/uploads\/2021\/09\/plakat-zapromocijufoto-1448x2048.jpg 1448w, https:\/\/koki.in.rs\/blog\/wp-content\/uploads\/2021\/09\/plakat-zapromocijufoto-scaled.jpg 1810w\" sizes=\"(max-width: 411px) 100vw, 411px\" \/><figcaption>Plakat sa promocije romana odr\u017eane u Dor\u0107olskom narodnom pozori\u0161tu<\/figcaption><\/figure><\/div>\n\n\n\n<p><\/p>\n\n\n\n<p><\/p>\n\n\n\n<p><strong><u>Promocija romana \u201cDan kada je umro Sid\u201d Zorana Aleksi\u0107a Kokija<\/u><\/strong><\/p>\n\n\n\n<p>U subotu 21. 12. 2019. Godine u prepunoj sali Dor\u0107olskog narodnog pozorista odr\u017eana je promocija romana \u201cDan kada je umro Sid\u201d Zorana Aleksi\u0107a Kokija, u atmosferi koja podse\u0107a na rane Vendersove filmove, kako je rekao Filip Gaji\u0107, vlasnik pozori\u0161ta.<\/p>\n\n\n\n<p>Promocija je po\u010dela&nbsp; muzi\u010dko-scenskim performansom u kome su glumica pozori\u0161ta Dina Vu\u010daj i autor kazivali odlomke iz romana.<\/p>\n\n\n\n<p>O romanu je govorio Bogdan Zlati\u0107, filmski kriti\u010dar i scenarista koji se fokusirao na dekor vremena u kome se radnja desava. Napravio je paralelu sa zivotom iza gvozdene zavese, na zapadu i kod nas, odnosno SFRJ. Ukazao je na znacaj casopisa \u201cDzuboks\u201d koji je imao veliki uticaj na generacije stasale sedamdesetih i ranih osamdesetih godina pro\u0161log veka. O samom romanu je rekao da se mo\u017ee uporediti sa living teatrom u kome se bri\u0161e granica izme\u0111u publike i aktera, kao i da nema puno napisane literature koja se bavi mladala\u010dkim ljubavima u titoisti\u010dko I posttitoisti\u010dko doba na takav na\u010din.<\/p>\n\n\n\n<p>Osniva\u010d izdava\u010dke ku\u0107e \u201cHoplit\u201d Dusko \u0110ukanovi\u0107 govorio je o izdava\u0161tvu danas i problemima sa kojima se izdava\u0161tvo susre\u0107e. O romanu je rekao da u njemu ne postoji kli\u0161e koji je uobicajen &nbsp;u literaturi danas , gde su glavni junaci obi\u010dno neka zena koja je mlada i uspe\u0161na.&nbsp; Savremena ali nesre\u0107na, i on, koji je tako\u0111e mlad i uspe\u0161an, a pritom i bogat ali kao i ona, &nbsp;nesre\u0107an. Me\u0111utim, uspe\u0161no se nose sa svim tim nevoljama prolaze\u0107i kroz razne \u017eivotne situacije. &nbsp;&nbsp;U Kokijevom romanu toga nema i sa te strane drugaciji.<\/p>\n\n\n\n<p>Autor je u svom obracanju rekao da on nije profesionalni pisac i da pisanju prilazi kao slikar. Radnja romana je njegov&nbsp; otklon od mladosti, i da to kao tema nije nista novo, kao i da su se mnogi&nbsp; bavili njome. Ono sto razlikuje njegov roman od drugih je da pro\u0161lost nije idealizovana, i na nju se ne gleda kroz ruzicastu prizmu, vec se o svemu pise ogoljeno.<\/p>\n\n\n\n<p>Mozda&nbsp; najbolje odra\u017eava duhovna i mentalna stanja junaka romana Munkova slika \u201cPubertet\u201d u kojoj su sadrzane sve strepnje, nadanja, \u017eudnja i drama mladog coveka na prelazu iz detinjstva u svet odraslih.<\/p>\n\n\n\n<p> <\/p>\n","protected":false},"excerpt":{"rendered":"<p>Marija, Jovana, Oskar i Kole su glavni likovi romana, zarobl\u0458enici bizarnog l\u0458ubavnog \u010detvorougla. Oni su samo karikature, bledi odsjaj velikih, stvarnih i izmi\u0161l\u0458enih pri\u010da. Sudbine su im groteskne, komi\u010dne i surovo tragi\u010dne. Te\u017ee da budu originalni po svaku cenu i naj\u010de\u0161\u0107e na svoju \u0161tetu. Mogu\u0107nosti su im ograni\u010dene a ideje besmislene, pa uprkos \u017eelji da &hellip; <a href=\"https:\/\/koki.in.rs\/blog\/dan-kada-je-umro-sid\/\" class=\"more-link\">\u041d\u0430\u0441\u0442\u0430\u0432\u0438\u0442\u0435 \u0441\u0430 \u0447\u0438\u0442\u0430\u045a\u0435\u043c <span class=\"screen-reader-text\">Dan kada je umro Sid<\/span> <span class=\"meta-nav\">&rarr;<\/span><\/a><\/p>\n","protected":false},"author":1,"featured_media":0,"parent":0,"menu_order":0,"comment_status":"closed","ping_status":"closed","template":"","meta":[],"_links":{"self":[{"href":"https:\/\/koki.in.rs\/blog\/wp-json\/wp\/v2\/pages\/896"}],"collection":[{"href":"https:\/\/koki.in.rs\/blog\/wp-json\/wp\/v2\/pages"}],"about":[{"href":"https:\/\/koki.in.rs\/blog\/wp-json\/wp\/v2\/types\/page"}],"author":[{"embeddable":true,"href":"https:\/\/koki.in.rs\/blog\/wp-json\/wp\/v2\/users\/1"}],"replies":[{"embeddable":true,"href":"https:\/\/koki.in.rs\/blog\/wp-json\/wp\/v2\/comments?post=896"}],"version-history":[{"count":15,"href":"https:\/\/koki.in.rs\/blog\/wp-json\/wp\/v2\/pages\/896\/revisions"}],"predecessor-version":[{"id":1214,"href":"https:\/\/koki.in.rs\/blog\/wp-json\/wp\/v2\/pages\/896\/revisions\/1214"}],"wp:attachment":[{"href":"https:\/\/koki.in.rs\/blog\/wp-json\/wp\/v2\/media?parent=896"}],"curies":[{"name":"wp","href":"https:\/\/api.w.org\/{rel}","templated":true}]}}